{"id":3337,"date":"2020-03-11T10:10:04","date_gmt":"2020-03-11T10:10:04","guid":{"rendered":"https:\/\/www.suoredellepoverelle.it\/ita\/?page_id=3337"},"modified":"2021-01-28T15:45:06","modified_gmt":"2021-01-28T15:45:06","slug":"carisma","status":"publish","type":"page","link":"https:\/\/www.suoredellepoverelle.it\/ita\/carisma\/","title":{"rendered":"Carisma"},"content":{"rendered":"<div class=\"fusion-fullwidth fullwidth-box fusion-builder-row-1 fusion-flex-container nonhundred-percent-fullwidth non-hundred-percent-height-scrolling\" style=\"--awb-border-radius-top-left:0px;--awb-border-radius-top-right:0px;--awb-border-radius-bottom-right:0px;--awb-border-radius-bottom-left:0px;--awb-flex-wrap:wrap;\" ><div class=\"fusion-builder-row fusion-row fusion-flex-align-items-flex-start fusion-flex-content-wrap\" style=\"max-width:1216.8px;margin-left: calc(-4% \/ 2 );margin-right: calc(-4% \/ 2 );\"><div class=\"fusion-layout-column fusion_builder_column fusion-builder-column-0 fusion_builder_column_3_5 3_5 fusion-flex-column\" style=\"--awb-bg-size:cover;--awb-width-large:60%;--awb-margin-top-large:0px;--awb-spacing-right-large:3.2%;--awb-margin-bottom-large:20px;--awb-spacing-left-large:3.2%;--awb-width-medium:100%;--awb-order-medium:0;--awb-spacing-right-medium:1.92%;--awb-spacing-left-medium:1.92%;--awb-width-small:100%;--awb-order-small:0;--awb-spacing-right-small:1.92%;--awb-spacing-left-small:1.92%;\"><div class=\"fusion-column-wrapper fusion-column-has-shadow fusion-flex-justify-content-flex-start fusion-content-layout-column\"><div class=\"fusion-title title fusion-title-1 fusion-title-text fusion-title-size-three\"><div class=\"title-sep-container title-sep-container-left fusion-no-large-visibility fusion-no-medium-visibility fusion-no-small-visibility\"><div class=\"title-sep sep- sep-solid\" style=\"border-color:#e2e2e2;\"><\/div><\/div><span class=\"awb-title-spacer fusion-no-large-visibility fusion-no-medium-visibility fusion-no-small-visibility\"><\/span><h3 class=\"fusion-title-heading title-heading-left fusion-responsive-typography-calculated\" style=\"margin:0;--fontSize:28;line-height:1.6;\"><strong>IL CARISMA<\/strong><\/h3><span class=\"awb-title-spacer\"><\/span><div class=\"title-sep-container title-sep-container-right\"><div class=\"title-sep sep- sep-solid\" style=\"border-color:#e2e2e2;\"><\/div><\/div><\/div><div class=\"fusion-text fusion-text-1\"><p style=\"text-align: justify;\">Il carisma \u00e8 il dono che lo Spirito Santo offre ad una specifica persona per il bene dell\u2019intera comunit\u00e0 cristiana.<br \/>\nLe Suore delle Poverelle vivono il carisma che lo Spirito ha donato al beato Luigi Maria Palazzolo e a Madre Teresa Gabrieli.<br \/>\nEntrambi si sono lasciati interrogare e stupire dall\u2019amore misericordioso e infinito di Dio, rivelato attraverso il figlio Ges\u00f9.<br \/>\nIn Ges\u00f9 Dio si \u00e8 spogliato della sua divinit\u00e0, si \u00e8 incarnato nella povert\u00e0 di Betlemme, ha vissuto trent\u2019anni nella quotidianit\u00e0 della casa di Nazareth, si \u00e8 fatto servo degli uomini fino a lavare loro i piedi, e li ha amati fino a morire nudo sulla croce.<br \/>\nDalla contemplazione di questo amore sgorga la risposta del Palazzolo e di Teresa Gabrieli, una scelta di vita che si fa servizio concreto di carit\u00e0 verso gli ultimi, sui passi di Ges\u00f9, come Ges\u00f9, per amore di Ges\u00f9.<\/p>\n<p style=\"text-align: justify;\">Il carisma delle Suore delle Poverelle si fonda su alcune immagini evangeliche.<\/p>\n<p style=\"text-align: justify;\"><strong>DIO PADRE<\/strong><br \/>\nIl Palazzolo si rivolge a Dio con l\u2019appellativo di Amabile Infinito, non lo sente distaccato e lontano, ma come una Persona che ha veramente incontrato e che ha riempito di gioia e senso la sua vita. Sente Dio come un Padre che accompagna il cammino di ogni uomo, in particolare quello dei poveri.<\/p>\n<p style=\"text-align: justify;\"><strong>LA FAMIGLIA DI NAZARETH<\/strong><br \/>\nGes\u00f9, Maria e Giuseppe vivono \u201cla vita pi\u00f9 ordinaria nel modo pi\u00f9 straordinario\u201d, cio\u00e8 una vita spesa nel rispondere ai piccoli e grandi bisogni quotidiani delle persone che sono affidate e, nello stesso tempo, una vita immersa in Dio, perci\u00f2 ricca di comunione e di amore vicendevole.<\/p>\n<\/div><\/div><\/div><div class=\"fusion-layout-column fusion_builder_column fusion-builder-column-1 fusion_builder_column_2_5 2_5 fusion-flex-column\" style=\"--awb-bg-image:url(&#039;https:\/\/www.suoredellepoverelle.it\/ita\/wp-content\/uploads\/2021\/01\/Carisma1.jpg&#039;);--awb-bg-size:cover;--awb-width-large:40%;--awb-margin-top-large:0px;--awb-spacing-right-large:4.8%;--awb-margin-bottom-large:20px;--awb-spacing-left-large:4.8%;--awb-width-medium:100%;--awb-order-medium:0;--awb-spacing-right-medium:1.92%;--awb-spacing-left-medium:1.92%;--awb-width-small:100%;--awb-order-small:0;--awb-spacing-right-small:1.92%;--awb-spacing-left-small:1.92%;\"><div class=\"fusion-column-wrapper fusion-column-has-shadow fusion-flex-justify-content-flex-start fusion-content-layout-column fusion-empty-column-bg-image fusion-column-has-bg-image\" data-bg-url=\"https:\/\/www.suoredellepoverelle.it\/ita\/wp-content\/uploads\/2021\/01\/Carisma1.jpg\"><img decoding=\"async\" class=\"fusion-empty-dims-img-placeholder\" aria-label=\"Carisma1\" src=\"data:image\/svg+xml,%3Csvg%20xmlns%3D%27http%3A%2F%2Fwww.w3.org%2F2000%2Fsvg%27%20width%3D%27900%27%20height%3D%271600%27%20viewBox%3D%270%200%20900%201600%27%3E%3Crect%20width%3D%27900%27%20height%3D%271600%27%20fill-opacity%3D%220%22%2F%3E%3C%2Fsvg%3E\"><\/div><\/div><div class=\"fusion-layout-column fusion_builder_column fusion-builder-column-2 fusion_builder_column_2_5 2_5 fusion-flex-column\" style=\"--awb-bg-image:url(&#039;https:\/\/www.suoredellepoverelle.it\/ita\/wp-content\/uploads\/2021\/01\/Carisma2.jpg&#039;);--awb-bg-size:cover;--awb-width-large:40%;--awb-margin-top-large:0px;--awb-spacing-right-large:4.8%;--awb-margin-bottom-large:20px;--awb-spacing-left-large:4.8%;--awb-width-medium:100%;--awb-order-medium:0;--awb-spacing-right-medium:1.92%;--awb-spacing-left-medium:1.92%;--awb-width-small:100%;--awb-order-small:0;--awb-spacing-right-small:1.92%;--awb-spacing-left-small:1.92%;\"><div class=\"fusion-column-wrapper fusion-column-has-shadow fusion-flex-justify-content-flex-start fusion-content-layout-column fusion-empty-column-bg-image fusion-column-has-bg-image\" data-bg-url=\"https:\/\/www.suoredellepoverelle.it\/ita\/wp-content\/uploads\/2021\/01\/Carisma2.jpg\"><img decoding=\"async\" class=\"fusion-empty-dims-img-placeholder\" aria-label=\"Carisma2\" src=\"data:image\/svg+xml,%3Csvg%20xmlns%3D%27http%3A%2F%2Fwww.w3.org%2F2000%2Fsvg%27%20width%3D%27900%27%20height%3D%27900%27%20viewBox%3D%270%200%20900%20900%27%3E%3Crect%20width%3D%27900%27%20height%3D%27900%27%20fill-opacity%3D%220%22%2F%3E%3C%2Fsvg%3E\"><\/div><\/div><div class=\"fusion-layout-column fusion_builder_column fusion-builder-column-3 fusion_builder_column_3_5 3_5 fusion-flex-column\" style=\"--awb-bg-size:cover;--awb-width-large:60%;--awb-margin-top-large:0px;--awb-spacing-right-large:3.2%;--awb-margin-bottom-large:20px;--awb-spacing-left-large:3.2%;--awb-width-medium:100%;--awb-order-medium:0;--awb-spacing-right-medium:1.92%;--awb-spacing-left-medium:1.92%;--awb-width-small:100%;--awb-order-small:0;--awb-spacing-right-small:1.92%;--awb-spacing-left-small:1.92%;\"><div class=\"fusion-column-wrapper fusion-column-has-shadow fusion-flex-justify-content-flex-start fusion-content-layout-column\"><div class=\"fusion-text fusion-text-2\"><p style=\"text-align: justify;\"><strong>GESU\u2019 SERVO<\/strong><br \/>\n\u00c8 l\u2019immagine che il Palazzolo propone nelle prime Costituzioni delle Suore delle Poverelle, immagine chiaramente espressa nella \u201clavanda dei piedi\u201d con la quale il Fondatore intende sottolineare il reciproco amoroso servizio delle suore tra loro e l\u2019umile servizio verso i fratelli pi\u00f9 poveri.<\/p>\n<p style=\"text-align: justify;\"><strong>GESU\u2019 CROCIFISSO<\/strong><br \/>\nLa contemplazione di \u201cGes\u00f9 che muore nudo sulla croce\u201d totalmente donato al Padre e agli uomini spinge don Luigi alla scelta radicale: \u201cfarsi povero tra i poveri e servire i pi\u00f9 abbandonati\u201d.<br \/>\nDurante il corso di esercizi spirituali del 1869 a Roma annota: \u201cHo sentito desiderio di non allontanarmi pi\u00f9 dall\u2019amorosissimo Iddio. \u2026Mi si present\u00f2 alla mente che Ges\u00f9 mor\u00ec ignudo sulla croce, e per\u00f2 sentii desiderio di povert\u00e0, d\u2019abbandonare tutto.\u201d<\/p>\n<\/div><\/div><\/div><\/div><\/div>\n","protected":false},"excerpt":{"rendered":"","protected":false},"author":1,"featured_media":0,"parent":0,"menu_order":0,"comment_status":"closed","ping_status":"closed","template":"100-width.php","meta":{"om_disable_all_campaigns":false,"_monsterinsights_skip_tracking":false,"_monsterinsights_sitenote_active":false,"_monsterinsights_sitenote_note":"","_monsterinsights_sitenote_category":0,"_price":"","_stock":"","_tribe_ticket_header":"","_tribe_default_ticket_provider":"","_ticket_start_date":"","_ticket_end_date":"","_tribe_ticket_show_description":"","_tribe_ticket_show_not_going":false,"_tribe_ticket_use_global_stock":"","_tribe_ticket_global_stock_level":"","_global_stock_mode":"","_global_stock_cap":"","_tribe_rsvp_for_event":"","_tribe_ticket_going_count":"","_tribe_ticket_not_going_count":"","_tribe_tickets_list":"[]","_tribe_ticket_has_attendee_info_fields":false,"footnotes":"","_tec_slr_enabled":"","_tec_slr_layout":""},"class_list":["post-3337","page","type-page","status-publish","hentry"],"aioseo_notices":[],"ticketed":false,"_links":{"self":[{"href":"https:\/\/www.suoredellepoverelle.it\/ita\/wp-json\/wp\/v2\/pages\/3337","targetHints":{"allow":["GET"]}}],"collection":[{"href":"https:\/\/www.suoredellepoverelle.it\/ita\/wp-json\/wp\/v2\/pages"}],"about":[{"href":"https:\/\/www.suoredellepoverelle.it\/ita\/wp-json\/wp\/v2\/types\/page"}],"author":[{"embeddable":true,"href":"https:\/\/www.suoredellepoverelle.it\/ita\/wp-json\/wp\/v2\/users\/1"}],"replies":[{"embeddable":true,"href":"https:\/\/www.suoredellepoverelle.it\/ita\/wp-json\/wp\/v2\/comments?post=3337"}],"version-history":[{"count":15,"href":"https:\/\/www.suoredellepoverelle.it\/ita\/wp-json\/wp\/v2\/pages\/3337\/revisions"}],"predecessor-version":[{"id":4597,"href":"https:\/\/www.suoredellepoverelle.it\/ita\/wp-json\/wp\/v2\/pages\/3337\/revisions\/4597"}],"wp:attachment":[{"href":"https:\/\/www.suoredellepoverelle.it\/ita\/wp-json\/wp\/v2\/media?parent=3337"}],"curies":[{"name":"wp","href":"https:\/\/api.w.org\/{rel}","templated":true}]}}